{"id":6321,"date":"2025-09-30T11:49:11","date_gmt":"2025-09-30T11:49:11","guid":{"rendered":"https:\/\/sonne-studio.com\/?page_id=6321"},"modified":"2025-10-02T09:38:09","modified_gmt":"2025-10-02T09:38:09","slug":"impressum","status":"publish","type":"page","link":"https:\/\/sonne-studio.com\/en\/impressum","title":{"rendered":"Impressum"},"content":{"rendered":"<div data-elementor-type=\"wp-page\" data-elementor-id=\"6321\" class=\"elementor elementor-6321\">\n\t\t\t\t<div class=\"elementor-element elementor-element-2d89113 e-flex e-con-boxed wpr-particle-no wpr-jarallax-no wpr-parallax-no wpr-sticky-section-no e-con e-parent\" data-id=\"2d89113\" data-element_type=\"container\">\n\t\t\t\t\t<div class=\"e-con-inner\">\n\t\t\t\t<div class=\"elementor-element elementor-element-18d6c90 elementor-widget elementor-widget-text-editor\" data-id=\"18d6c90\" data-element_type=\"widget\" data-widget_type=\"text-editor.default\">\n\t\t\t\t<div class=\"elementor-widget-container\">\n\t\t\t\t\t\t\t\t\t<p data-start=\"579\" data-end=\"648\">Sonne Studio<br data-start=\"591\" data-end=\"594\" \/>Konrad Sonne<\/p><p data-start=\"579\" data-end=\"648\">Telefon: +41 (0)78 442 13 11<br data-start=\"694\" data-end=\"697\" \/>E-Mail: <a class=\"decorated-link cursor-pointer\" rel=\"noopener\">info@sonnestudio.com<\/a><\/p><h3 data-start=\"906\" data-end=\"929\">Rechtliche Hinweise<\/h3><p data-start=\"931\" data-end=\"1278\"><strong data-start=\"931\" data-end=\"954\">Haftung f\u00fcr Inhalte<\/strong><br data-start=\"954\" data-end=\"957\" \/>Die Inhalte unserer Seiten wurden mit gr\u00f6\u00dftm\u00f6glicher Sorgfalt erstellt. F\u00fcr die Richtigkeit, Vollst\u00e4ndigkeit und Aktualit\u00e4t der Inhalte \u00fcbernehmen wir jedoch keine Gew\u00e4hr. Wir behalten uns ausdr\u00fccklich vor, Teile der Seiten oder das gesamte Angebot ohne gesonderte Ank\u00fcndigung zu ver\u00e4ndern, zu erg\u00e4nzen oder zu l\u00f6schen.<\/p><p data-start=\"1280\" data-end=\"1585\"><strong data-start=\"1280\" data-end=\"1301\">Haftung f\u00fcr Links<\/strong><br data-start=\"1301\" data-end=\"1304\" \/>Unser Angebot enth\u00e4lt Links zu externen Websites Dritter, auf deren Inhalte wir keinen Einfluss haben. Deshalb k\u00f6nnen wir f\u00fcr diese fremden Inhalte auch keine Gew\u00e4hr \u00fcbernehmen. F\u00fcr die Inhalte der verlinkten Seiten ist stets der jeweilige Anbieter oder Betreiber verantwortlich.<\/p><p data-start=\"1587\" data-end=\"1971\"><strong data-start=\"1587\" data-end=\"1603\">Urheberrecht<\/strong><br data-start=\"1603\" data-end=\"1606\" \/>Die durch die Seitenbetreiber erstellten Inhalte und Werke auf dieser Website unterliegen dem schweizerischen Urheberrecht. Beitr\u00e4ge Dritter sind als solche gekennzeichnet. Jede Vervielf\u00e4ltigung, Bearbeitung, Verbreitung und jede Art der Verwertung au\u00dferhalb der Grenzen des Urheberrechts bedarf der schriftlichen Zustimmung des jeweiligen Autors bzw. Erstellers.<\/p><p data-start=\"1973\" data-end=\"2328\"><strong data-start=\"1973\" data-end=\"2011\">Datenschutz (Hinweis gem\u00e4\u00df revDSG)<\/strong><br data-start=\"2011\" data-end=\"2014\" \/>Wir verarbeiten personenbezogene Daten (z. B. Name, E-Mail-Adresse, IP-Adresse) ausschlie\u00dflich im Rahmen der gesetzlichen Bestimmungen des revidierten Schweizer Datenschutzgesetzes (revDSG). Weitere Informationen zur Art, dem Umfang und Zweck der Datenbearbeitung finden Sie in unserer <a class=\"decorated-link\" href=\"https:\/\/sonne-studio.com\/en\/datenschutzerklaerung\/\" rel=\"noopener\" data-start=\"2300\" data-end=\"2325\">Datenschutzerkl\u00e4rung<\/a>.<\/p>\t\t\t\t\t\t\t\t<\/div>\n\t\t\t\t<\/div>\n\t\t\t\t\t<\/div>\n\t\t\t\t<\/div>\n\t\t\t\t<\/div>","protected":false},"excerpt":{"rendered":"<p>Sonne StudioKonrad Sonne Telefon: +41 (0)78 442 13 11E-Mail: info@sonnestudio.com Rechtliche Hinweise Haftung f\u00fcr InhalteDie Inhalte unserer Seiten wurden mit gr\u00f6\u00dftm\u00f6glicher Sorgfalt erstellt. F\u00fcr die Richtigkeit, Vollst\u00e4ndigkeit und Aktualit\u00e4t der Inhalte \u00fcbernehmen wir jedoch keine Gew\u00e4hr. Wir behalten uns ausdr\u00fccklich vor, Teile der Seiten oder das gesamte Angebot ohne gesonderte Ank\u00fcndigung zu ver\u00e4ndern, zu erg\u00e4nzen oder zu l\u00f6schen. Haftung f\u00fcr LinksUnser Angebot enth\u00e4lt Links zu externen Websites Dritter, auf deren Inhalte wir keinen Einfluss haben. Deshalb k\u00f6nnen wir f\u00fcr diese fremden Inhalte auch keine Gew\u00e4hr \u00fcbernehmen. F\u00fcr die Inhalte der verlinkten Seiten ist stets der jeweilige Anbieter oder Betreiber verantwortlich. UrheberrechtDie durch die Seitenbetreiber erstellten Inhalte und Werke auf dieser Website unterliegen dem schweizerischen Urheberrecht. Beitr\u00e4ge Dritter sind als solche gekennzeichnet. Jede Vervielf\u00e4ltigung, Bearbeitung, Verbreitung und jede Art der Verwertung au\u00dferhalb der Grenzen des Urheberrechts bedarf der schriftlichen Zustimmung des jeweiligen Autors bzw. Erstellers. Datenschutz (Hinweis gem\u00e4\u00df revDSG)Wir verarbeiten personenbezogene Daten (z. B. Name, E-Mail-Adresse, IP-Adresse) ausschlie\u00dflich im Rahmen der gesetzlichen Bestimmungen des revidierten Schweizer Datenschutzgesetzes (revDSG). Weitere Informationen zur Art, dem Umfang und Zweck der Datenbearbeitung finden Sie in unserer Datenschutzerkl\u00e4rung.<\/p>","protected":false},"author":1,"featured_media":0,"parent":0,"menu_order":0,"comment_status":"closed","ping_status":"closed","template":"elementor_header_footer","meta":{"footnotes":""},"class_list":["post-6321","page","type-page","status-publish","hentry"],"_links":{"self":[{"href":"https:\/\/sonne-studio.com\/en\/wp-json\/wp\/v2\/pages\/6321","targetHints":{"allow":["GET"]}}],"collection":[{"href":"https:\/\/sonne-studio.com\/en\/wp-json\/wp\/v2\/pages"}],"about":[{"href":"https:\/\/sonne-studio.com\/en\/wp-json\/wp\/v2\/types\/page"}],"author":[{"embeddable":true,"href":"https:\/\/sonne-studio.com\/en\/wp-json\/wp\/v2\/users\/1"}],"replies":[{"embeddable":true,"href":"https:\/\/sonne-studio.com\/en\/wp-json\/wp\/v2\/comments?post=6321"}],"version-history":[{"count":11,"href":"https:\/\/sonne-studio.com\/en\/wp-json\/wp\/v2\/pages\/6321\/revisions"}],"predecessor-version":[{"id":6388,"href":"https:\/\/sonne-studio.com\/en\/wp-json\/wp\/v2\/pages\/6321\/revisions\/6388"}],"wp:attachment":[{"href":"https:\/\/sonne-studio.com\/en\/wp-json\/wp\/v2\/media?parent=6321"}],"curies":[{"name":"wp","href":"https:\/\/api.w.org\/{rel}","templated":true}]}}