{"id":5965,"date":"2025-08-07T09:54:17","date_gmt":"2025-08-07T09:54:17","guid":{"rendered":"https:\/\/sonne-studio.com\/?post_type=product&#038;p=5965"},"modified":"2025-10-20T12:42:40","modified_gmt":"2025-10-20T12:42:40","slug":"alluvium-id03","status":"publish","type":"product","link":"https:\/\/sonne-studio.com\/en\/product\/alluvium-id03","title":{"rendered":"ALLUVIUM ID03"},"content":{"rendered":"<p>ID03 besitzt eine k\u00f6rnige, fast por\u00f6se Struktur, inspiriert von Erosion und Sedimentbildung. Das Licht streicht \u00fcber die Oberfl\u00e4che und betont die Tiefe und Rauheit des Designs.<\/p>","protected":false},"excerpt":{"rendered":"<p>ID03 besitzt eine k\u00f6rnige, fast por\u00f6se Struktur, inspiriert von Erosion und Sedimentbildung. Das Licht streicht \u00fcber die Oberfl\u00e4che und betont die Tiefe und Rauheit des Designs.<\/p>","protected":false},"featured_media":7206,"comment_status":"closed","ping_status":"closed","template":"","meta":[],"product_brand":[],"product_cat":[57],"product_tag":[],"class_list":{"0":"post-5965","1":"product","2":"type-product","3":"status-publish","4":"has-post-thumbnail","6":"product_cat-alluvium","8":"first","9":"instock","10":"shipping-taxable","11":"purchasable","12":"product-type-variable","13":"has-default-attributes"},"_links":{"self":[{"href":"https:\/\/sonne-studio.com\/en\/wp-json\/wp\/v2\/product\/5965","targetHints":{"allow":["GET"]}}],"collection":[{"href":"https:\/\/sonne-studio.com\/en\/wp-json\/wp\/v2\/product"}],"about":[{"href":"https:\/\/sonne-studio.com\/en\/wp-json\/wp\/v2\/types\/product"}],"replies":[{"embeddable":true,"href":"https:\/\/sonne-studio.com\/en\/wp-json\/wp\/v2\/comments?post=5965"}],"wp:featuredmedia":[{"embeddable":true,"href":"https:\/\/sonne-studio.com\/en\/wp-json\/wp\/v2\/media\/7206"}],"wp:attachment":[{"href":"https:\/\/sonne-studio.com\/en\/wp-json\/wp\/v2\/media?parent=5965"}],"wp:term":[{"taxonomy":"product_brand","embeddable":true,"href":"https:\/\/sonne-studio.com\/en\/wp-json\/wp\/v2\/product_brand?post=5965"},{"taxonomy":"product_cat","embeddable":true,"href":"https:\/\/sonne-studio.com\/en\/wp-json\/wp\/v2\/product_cat?post=5965"},{"taxonomy":"product_tag","embeddable":true,"href":"https:\/\/sonne-studio.com\/en\/wp-json\/wp\/v2\/product_tag?post=5965"}],"curies":[{"name":"wp","href":"https:\/\/api.w.org\/{rel}","templated":true}]}}