{"id":7127,"date":"2025-10-14T08:51:34","date_gmt":"2025-10-14T08:51:34","guid":{"rendered":"https:\/\/sonne-studio.com\/?post_type=product&#038;p=7127"},"modified":"2025-10-20T12:41:50","modified_gmt":"2025-10-20T12:41:50","slug":"alluvium-id02","status":"publish","type":"product","link":"https:\/\/sonne-studio.com\/en\/product\/alluvium-id02","title":{"rendered":"ALLUVIUM ID02"},"content":{"rendered":"<p>ID02 ist gepr\u00e4gt von vertikal verlaufenden, organischen Mustern, die an verwittertes Gestein erinnern. Die Oberfl\u00e4che wirkt geologisch, fast mineralisch, und erzeugt ein warmes Licht mit nat\u00fcrlichem Charakter.<\/p>","protected":false},"excerpt":{"rendered":"<p>ID02 ist gepr\u00e4gt von vertikal verlaufenden, organischen Mustern, die an verwittertes Gestein erinnern. Die Oberfl\u00e4che wirkt geologisch, fast mineralisch, und erzeugt ein warmes Licht mit nat\u00fcrlichem Charakter.<\/p>","protected":false},"featured_media":7197,"comment_status":"closed","ping_status":"closed","template":"","meta":[],"product_brand":[],"product_cat":[57],"product_tag":[],"class_list":{"0":"post-7127","1":"product","2":"type-product","3":"status-publish","4":"has-post-thumbnail","6":"product_cat-alluvium","8":"first","9":"instock","10":"shipping-taxable","11":"purchasable","12":"product-type-variable","13":"has-default-attributes"},"_links":{"self":[{"href":"https:\/\/sonne-studio.com\/en\/wp-json\/wp\/v2\/product\/7127","targetHints":{"allow":["GET"]}}],"collection":[{"href":"https:\/\/sonne-studio.com\/en\/wp-json\/wp\/v2\/product"}],"about":[{"href":"https:\/\/sonne-studio.com\/en\/wp-json\/wp\/v2\/types\/product"}],"replies":[{"embeddable":true,"href":"https:\/\/sonne-studio.com\/en\/wp-json\/wp\/v2\/comments?post=7127"}],"wp:featuredmedia":[{"embeddable":true,"href":"https:\/\/sonne-studio.com\/en\/wp-json\/wp\/v2\/media\/7197"}],"wp:attachment":[{"href":"https:\/\/sonne-studio.com\/en\/wp-json\/wp\/v2\/media?parent=7127"}],"wp:term":[{"taxonomy":"product_brand","embeddable":true,"href":"https:\/\/sonne-studio.com\/en\/wp-json\/wp\/v2\/product_brand?post=7127"},{"taxonomy":"product_cat","embeddable":true,"href":"https:\/\/sonne-studio.com\/en\/wp-json\/wp\/v2\/product_cat?post=7127"},{"taxonomy":"product_tag","embeddable":true,"href":"https:\/\/sonne-studio.com\/en\/wp-json\/wp\/v2\/product_tag?post=7127"}],"curies":[{"name":"wp","href":"https:\/\/api.w.org\/{rel}","templated":true}]}}